{"id":2,"date":"2018-07-27T09:34:00","date_gmt":"2018-07-27T07:34:00","guid":{"rendered":"http:\/\/www.stiftung-natur-heimat-kultur.de\/?page_id=2"},"modified":"2021-06-26T21:34:38","modified_gmt":"2021-06-26T19:34:38","slug":"beispiel-seite","status":"publish","type":"page","link":"http:\/\/www.stiftung-natur-heimat-kultur.de\/?page_id=2","title":{"rendered":"Impressum"},"content":{"rendered":"<h2>Angaben gem\u00e4\u00df \u00a7 5 TMG:<\/h2>\n<p>Stiftung f\u00fcr Natur, Heimat und Kultur im Steinheimer-Becken<\/p>\n<p>Pater-Sch\u00f6neberger Stra\u00dfe 8<\/p>\n<p>32839 Steinheim-Ottenhausen<\/p>\n<p>Die Stiftung f\u00fcr Natur, Heimat und Kultur im Steinheimer-Becken ist beim Finanzamt H\u00f6xter unter der Steuernummer: 326\/5901<br \/>\n3022 als steuerbeg\u00fcnstige Stiftung anerkannt.<\/p>\n<p>Die Stiftung f\u00fcr Natur, Heimat und Kultur im Steinheimer-Becken ist eine durch die Bezirksregierung Detmold anerkannte<br \/>\nStiftung, der die Aufsicht \u00fcber die Stiftung obliegt. Oberste Stiftungsbeh\u00f6rde ist das Ministerium f\u00fcr Inneres und Kommunales<br \/>\ndes Landes Nordrhein-Westfalen.<\/p>\n<h2>Vertreten durch:<\/h2>\n<p>1. Vorsitzenden, Herrn Heribert Gensicki<\/p>\n<h2>Kontakt:<\/h2>\n<p>Telefon: 0 52 33 99 78 77 (B\u00fcro)<\/p>\n<p>Tel: 0 52 33 57 31 (privat Heribert Gensicki)<br \/>\nFax: 0 52 33 99 81 81<\/p>\n<p>E-Mail: info(at)stiftung-natur-heimat-kultur.de<\/p>\n<p>Web: www.stiftung-natur-heimat-kultur.de<\/p>\n<h2>Verantwortlich f\u00fcr die technische Umsetzung:<\/h2>\n<p>Daniel Bruns<\/p>\n<h2>Fotonachweis:<\/h2>\n<p>Sliderbild: Westfalen-Blatt.<\/p>\n<h2>Streitschlichtung<\/h2>\n<p>Wir sind nicht bereit oder verpflichtet, an Streitbeilegungsverfahren vor einer Verbraucherschlichtungsstelle teilzunehmen.<\/p>\n<h2>Haftung f\u00fcr Inhalte<\/h2>\n<p>Als Diensteanbieter sind wir gem\u00e4\u00df \u00a7 7 Abs.1 TMG f\u00fcr eigene Inhalte auf diesen Seiten nach den allgemeinen<br \/>\nGesetzen verantwortlich. Nach \u00a7\u00a7 8 bis 10 TMG sind wir als Diensteanbieter jedoch nicht verpflichtet, \u00fcbermittelte<br \/>\noder gespeicherte fremde Informationen zu \u00fcberwachen oder nach Umst\u00e4nden zu forschen, die auf eine rechtswidrige<br \/>\nT\u00e4tigkeit hinweisen.<\/p>\n<p>Verpflichtungen zur Entfernung oder Sperrung der Nutzung von Informationen nach den allgemeinen Gesetzen bleiben hiervon<br \/>\nunber\u00fchrt. Eine diesbez\u00fcgliche Haftung ist jedoch erst ab dem Zeitpunkt der Kenntnis einer konkreten Rechtsverletzung<br \/>\nm\u00f6glich. Bei Bekanntwerden von entsprechenden Rechtsverletzungen werden wir diese Inhalte umgehend entfernen.<\/p>\n<h2>Haftung f\u00fcr Links<\/h2>\n<p>Unser Angebot enth\u00e4lt Links zu externen Webseiten Dritter, auf deren Inhalte wir keinen Einfluss haben. Deshalb k\u00f6nnen<br \/>\nwir f\u00fcr diese fremden Inhalte auch keine Gew\u00e4hr \u00fcbernehmen. F\u00fcr die Inhalte der verlinkten Seiten<br \/>\nist stets der jeweilige Anbieter oder Betreiber der Seiten verantwortlich. Die verlinkten Seiten wurden zum Zeitpunkt<br \/>\nder Verlinkung auf m\u00f6gliche Rechtsverst\u00f6\u00dfe \u00fcberpr\u00fcft. Rechtswidrige Inhalte waren zum Zeitpunkt<br \/>\nder Verlinkung nicht erkennbar.<\/p>\n<p>Eine permanente inhaltliche Kontrolle der verlinkten Seiten ist jedoch ohne konkrete Anhaltspunkte einer Rechtsverletzung<br \/>\nnicht zumutbar. Bei Bekanntwerden von Rechtsverletzungen werden wir derartige Links umgehend entfernen.<\/p>\n<h2>Urheberrecht<\/h2>\n<p>Die durch die Seitenbetreiber erstellten Inhalte und Werke auf diesen Seiten unterliegen dem deutschen Urheberrecht. Die<br \/>\nVervielf\u00e4ltigung, Bearbeitung, Verbreitung und jede Art der Verwertung au\u00dferhalb der Grenzen des Urheberrechtes<br \/>\nbed\u00fcrfen der schriftlichen Zustimmung des jeweiligen Autors bzw. Erstellers. Downloads und Kopien dieser Seite sind<br \/>\nnur f\u00fcr den privaten, nicht kommerziellen Gebrauch gestattet.<\/p>\n<p>Soweit die Inhalte auf dieser Seite nicht vom Betreiber erstellt wurden, werden die Urheberrechte Dritter beachtet. Insbesondere<br \/>\nwerden Inhalte Dritter als solche gekennzeichnet. Sollten Sie trotzdem auf eine Urheberrechtsverletzung aufmerksam werden,<br \/>\nbitten wir um einen entsprechenden Hinweis. Bei Bekanntwerden von Rechtsverletzungen werden wir derartige Inhalte umgehend<br \/>\nentfernen.<\/p>\n<p>Quelle:<br \/>\n<a href=\"https:\/\/www.e-recht24.de\">eRecht24<\/a><\/p>\n","protected":false},"excerpt":{"rendered":"<p>Angaben gem\u00e4\u00df \u00a7 5 TMG: Stiftung f\u00fcr Natur, Heimat und Kultur im Steinheimer-Becken Pater-Sch\u00f6neberger Stra\u00dfe 8 32839 Steinheim-Ottenhausen Die Stiftung f\u00fcr Natur, Heimat und Kultur im Steinheimer-Becken ist beim Finanzamt H\u00f6xter unter der Steuernummer: 326\/5901 3022 als steuerbeg\u00fcnstige Stiftung anerkannt. Die Stiftung f\u00fcr Natur, Heimat und Kultur im Steinheimer-Becken ist eine durch die Bezirksregierung Detmold &hellip; <a href=\"http:\/\/www.stiftung-natur-heimat-kultur.de\/?page_id=2\" class=\"more-link\"><span class=\"screen-reader-text\">Impressum<\/span> weiterlesen<\/a><\/p>\n","protected":false},"author":1,"featured_media":0,"parent":0,"menu_order":0,"comment_status":"closed","ping_status":"open","template":"","meta":[],"_links":{"self":[{"href":"http:\/\/www.stiftung-natur-heimat-kultur.de\/index.php?rest_route=\/wp\/v2\/pages\/2"}],"collection":[{"href":"http:\/\/www.stiftung-natur-heimat-kultur.de\/index.php?rest_route=\/wp\/v2\/pages"}],"about":[{"href":"http:\/\/www.stiftung-natur-heimat-kultur.de\/index.php?rest_route=\/wp\/v2\/types\/page"}],"author":[{"embeddable":true,"href":"http:\/\/www.stiftung-natur-heimat-kultur.de\/index.php?rest_route=\/wp\/v2\/users\/1"}],"replies":[{"embeddable":true,"href":"http:\/\/www.stiftung-natur-heimat-kultur.de\/index.php?rest_route=%2Fwp%2Fv2%2Fcomments&post=2"}],"version-history":[{"count":10,"href":"http:\/\/www.stiftung-natur-heimat-kultur.de\/index.php?rest_route=\/wp\/v2\/pages\/2\/revisions"}],"predecessor-version":[{"id":185,"href":"http:\/\/www.stiftung-natur-heimat-kultur.de\/index.php?rest_route=\/wp\/v2\/pages\/2\/revisions\/185"}],"wp:attachment":[{"href":"http:\/\/www.stiftung-natur-heimat-kultur.de\/index.php?rest_route=%2Fwp%2Fv2%2Fmedia&parent=2"}],"curies":[{"name":"wp","href":"https:\/\/api.w.org\/{rel}","templated":true}]}}