{"id":132,"date":"2019-03-16T11:27:16","date_gmt":"2019-03-16T10:27:16","guid":{"rendered":"http:\/\/www.stiftung-natur-heimat-kultur.de\/?page_id=132"},"modified":"2021-06-26T21:34:17","modified_gmt":"2021-06-26T19:34:17","slug":"textseite-2","status":"publish","type":"page","link":"http:\/\/www.stiftung-natur-heimat-kultur.de\/?page_id=132","title":{"rendered":"Datenschutz"},"content":{"rendered":"<p>Wir als Stiftung nehmen den Schutz Ihrer pers\u00f6nlichen Daten sehr ernst. Hier finden Sie Informationen dazu, welche Daten wir sammeln und wie wir sie verarbeiten. Wir versichern Ihnen, dass Ihre Daten bei uns und unseren ausw\u00e4rtigen Dienstleistern nach den Datenschutzregeln verwaltet werden.<\/p>\n<h3>Personenbezogene Daten<\/h3>\n<p>Personenbezogene Daten sind gem\u00e4\u00df \u00a7 4 Nr. 2 KDG alle Daten, die eine Person identifizieren k\u00f6nnen, beispielsweise Namen, Anschrift, Telefonnummer, usw. Die Anzahl der Nutzer auf einer Website ist nicht personenbezogen. Wir weisen darauf hin, dass die Daten\u00fcbertragung im Internet (z.B. bei der Kommunikation per E-Mail) Sicherheitsl\u00fccken aufweisen kann. Ein l\u00fcckenloser Schutz der Daten vor dem Zugriff durch Dritte ist nicht m\u00f6glich.<\/p>\n<h3>Verantwortlicher f\u00fcr die Datenverarbeitung auf dieser Website<\/h3>\n<p>Stiftung f\u00fcr Natur, Heimat und Kultur im Steinheimer-Becken<br \/>\nPater-Sch\u00f6neberger Stra\u00dfe 8<br \/>\n32839 Steinheim-Ottenhausen,<br \/>\nDeutschland<br \/>\n1. Vorsitzender: Heribert Gensicki<br \/>\nTelefon: 0 52 33 99 78 77 (B\u00fcro)<br \/>\nE-Mail: info(at)stiftung-natur-heimat-kultur.de<br \/>\n<a href=\"http:\/\/www.stiftung-natur-heimat-kultur.de\/impressum.html\">Impressum<\/a><\/p>\n<h3>Kontaktm\u00f6glichkeiten<\/h3>\n<p>Auf unserer Website haben Sie verschiedene M\u00f6glichkeiten, mit uns in Kontakt zu treten. Per Mail verwenden wir Ihre E-Mail-Adresse, um Ihre Anfragen zu beantworten. Von uns erhalten Sie keinen unerw\u00fcnschten Mitteilungen.<\/p>\n<h3>Weitergabe personenbezogener Daten an Dritte<\/h3>\n<p>Ihre personenbezogenen Daten geben wir ohne konkrete Einwilligung, ohne gesetzliche Verpflichtung einer auskunftsberechtigten Stelle oder ohne Gerichtsbeschluss nicht an Dritte weiter.<\/p>\n<h3>Wie wir personenbezogene Daten speichern<\/h3>\n<p>Ihre personenbezogenen Daten speichern wir auf gesch\u00fctzten Servern in Deutschland. Zugriff auf diesen Server haben nur wenige Betreuer, die sich um die technischen Angelegenheiten k\u00fcmmern. Aufgrund von Sicherheitszwecken werden Daten auf den Servern gespeichert, sobald Sie unsere Seite besuchen. Diese Daten lassen m\u00f6glicherweise eine Identifizierung zu (z.B. IP-Adresse, Betriebssystem, Browsertyp, Datum, Uhrzeit, aufgerufene Website). Die IP-Adresse wird nicht zur Identifizierung des Nutzers verwendet, es werden weder benutzerbezogenen Profile noch anonymisierte Nutzerprofile angelegt. Zugriff auf diesen Server haben nur wenige Betreuer, die sich um die technischen Angelegenheiten k\u00fcmmern. Weitere Informationen siehe unter \u201eServer-Log-Dateien\u201c.<\/p>\n<h3>Welche Daten werden verarbeitet<\/h3>\n<p>Zu den verarbeiteten Daten geh\u00f6rten zum einen Daten, die Sie und direkt bei Kontaktaufnahme z.B. per E-Mail \u00fcbersenden. Ebenfalls werden Daten von unserem Hosting-Anbieter automatisch erfasst, sobald Sie unserer Website aufrufen. N\u00e4heres dazu finden Sie unter: &#8222;Server-Log-Dateien&#8220;<\/p>\n<h3>Wof\u00fcr nutzen wir Ihre Daten<\/h3>\n<p>Ein Teil der Daten verwenden wir um einen reibungslosen Betrieb unserer Website zu erm\u00f6glichen. Andere Daten k\u00f6nnen wir Aufgrund von Sicherheitsma\u00dfnahmen oder Beantwortung von Kontaktanfragen nutzen.<\/p>\n<h3>Rechte an den personenbezogenen Daten<\/h3>\n<p>Sie haben das Recht zur unentgeltlichen, unverz\u00fcglichen und schriftlichen Einforderung alle personenbezogenen Daten, die wir von Ihnen besitzen. Ebenfalls k\u00f6nnen Sie dar\u00fcber verf\u00fcgen, dass wir diese personenbezogenen Daten von Ihnen sperren oder l\u00f6schen. Davon ausgenommen sind Daten rechtlicher Notwendigkeit. speichern wir auf gesch\u00fctzten Servern in Deutschland.<\/p>\n<h3>Widerspruch gegen die Nutzung unserer Kontaktdaten zu Werbezwecken<\/h3>\n<p>Auf unserer Website finden Sie Kontakten zu Ansprechpartnern. Diese Kontaktdaten k\u00f6nnen Anschrift, E-Mail-Adresse oder Telefonnummer sein. Wir verwenden diese Daten nicht zu Werbezwecken. Unaufgeforderte Werbung oder Spam an die auf dieser Website dargelegten Kontaktdaten verwehren wir hiermit.<\/p>\n<h3>Hosting<\/h3>\n<p>Der von uns in Anspruch genommene Hosting-Dienstleister dient zur Bereitstellung dieser Website sowie als E-Mail-Server, der Sicherheit und technischen Wartung. Die Server, die diese Webseite im Internet hostet, wird von der STRATO AG, Pascalstra\u00dfe 10, 10587 Berlin <a>https:\/\/www.strato.de\/datenschutz\/<\/a> bereitgestellt. Alle Daten werden auf Servern in Deutschland gespeichert.<\/p>\n<h3>Server-Log-Dateien<\/h3>\n<p>Der Provider der Seiten erhebt und speichert auf Grundlage unserer berechtigten Interessen automatisch Informationen \u00fcber jeden Zugriff auf den Server in so genannten Server-Log-Dateien, die Ihr Browser automatisch an uns \u00fcbermittelt. Dies sind:<br \/>\n\u2022 Browsertyp und Browserversion<br \/>\n\u2022 verwendetes Betriebssystem<br \/>\n\u2022 Referrer URL<br \/>\n\u2022 Hostname des zugreifenden Rechners<br \/>\n\u2022 Uhrzeit der Serveranfrage<br \/>\n\u2022 IP-Adresse<br \/>\nDiese Daten werden aus Sicherheitsgr\u00fcnden (z.B gegen Betrug oder Missbrauch) maximal 7 Tage auf dem Server unsers Hosting-Anbieters gespeichert, danach sofort gel\u00f6scht. Daten die zur Beweiskl\u00e4rung eines Vorfalls dienlich sind, k\u00f6nnen nicht sofort gel\u00f6scht werden. Eine Zusammenf\u00fchrung dieser Daten mit anderen Datenquellen wird nicht vorgenommen. Grundlage f\u00fcr die Datenverarbeitung ist Art. 6 Abs. 1 lit. b DSGVO, der die Verarbeitung von Daten zur Erf\u00fcllung eines Vertrags oder vorvertraglicher Ma\u00dfnahmen gestattet.<\/p>\n<h3>Google Fonts<\/h3>\n<p>Wir binden die Schriftarten (\u201eGoogle Fonts\u201c) des Anbieters Google LLC, 1600 Amphitheatre Parkway, Mountain View, CA 94043, USA, ein. Datenschutzerkl\u00e4rung: <a href=\"https:\/\/www.google.com\/policies\/privacy\/\">https:\/\/www.google.com\/policies\/privacy\/<\/a>, Opt-Out: <a href=\"https:\/\/adssettings.google.com\/authenticated\">https:\/\/adssettings.google.com\/authenticated<\/a>.<\/p>\n","protected":false},"excerpt":{"rendered":"<p>Wir als Stiftung nehmen den Schutz Ihrer pers\u00f6nlichen Daten sehr ernst. Hier finden Sie Informationen dazu, welche Daten wir sammeln und wie wir sie verarbeiten. Wir versichern Ihnen, dass Ihre Daten bei uns und unseren ausw\u00e4rtigen Dienstleistern nach den Datenschutzregeln verwaltet werden. Personenbezogene Daten Personenbezogene Daten sind gem\u00e4\u00df \u00a7 4 Nr. 2 KDG alle Daten, &hellip; <a href=\"http:\/\/www.stiftung-natur-heimat-kultur.de\/?page_id=132\" class=\"more-link\"><span class=\"screen-reader-text\">Datenschutz<\/span> weiterlesen<\/a><\/p>\n","protected":false},"author":1,"featured_media":0,"parent":0,"menu_order":0,"comment_status":"closed","ping_status":"closed","template":"","meta":[],"_links":{"self":[{"href":"http:\/\/www.stiftung-natur-heimat-kultur.de\/index.php?rest_route=\/wp\/v2\/pages\/132"}],"collection":[{"href":"http:\/\/www.stiftung-natur-heimat-kultur.de\/index.php?rest_route=\/wp\/v2\/pages"}],"about":[{"href":"http:\/\/www.stiftung-natur-heimat-kultur.de\/index.php?rest_route=\/wp\/v2\/types\/page"}],"author":[{"embeddable":true,"href":"http:\/\/www.stiftung-natur-heimat-kultur.de\/index.php?rest_route=\/wp\/v2\/users\/1"}],"replies":[{"embeddable":true,"href":"http:\/\/www.stiftung-natur-heimat-kultur.de\/index.php?rest_route=%2Fwp%2Fv2%2Fcomments&post=132"}],"version-history":[{"count":4,"href":"http:\/\/www.stiftung-natur-heimat-kultur.de\/index.php?rest_route=\/wp\/v2\/pages\/132\/revisions"}],"predecessor-version":[{"id":184,"href":"http:\/\/www.stiftung-natur-heimat-kultur.de\/index.php?rest_route=\/wp\/v2\/pages\/132\/revisions\/184"}],"wp:attachment":[{"href":"http:\/\/www.stiftung-natur-heimat-kultur.de\/index.php?rest_route=%2Fwp%2Fv2%2Fmedia&parent=132"}],"curies":[{"name":"wp","href":"https:\/\/api.w.org\/{rel}","templated":true}]}}